{"id":16,"date":"2018-01-11T12:43:23","date_gmt":"2018-01-11T11:43:23","guid":{"rendered":"https:\/\/sbbkhistoria.se.185-133-206-116.bb.kringelstan.se\/?page_id=16"},"modified":"2018-09-21T09:37:21","modified_gmt":"2018-09-21T07:37:21","slug":"start","status":"publish","type":"page","link":"https:\/\/sbbkhistoria.se\/","title":{"rendered":"Start"},"content":{"rendered":"<div class=\"col-12 collapse wrapper-wpEditorContent\"><h1 style=\"text-align: center;\"><strong>\u201dSBBK fyller 50\u201d!<\/strong><\/h1>\n<p>Under 2018 firar SBBK sina f\u00f6rsta 50 \u00e5r (n\u00e4rmare best\u00e4mt den 17\/7 d\u00e5 SBBK fyller 50 \u00e5r) och det kommer att m\u00e4rkas p\u00e5 m\u00e5nga olika s\u00e4tt.<\/p>\n<p>Vi tyckte bland annat att det skulle passa bra att i sammanhanget genom hemsidedelen \u201dSBBK historia\u201d summera upp de 50 f\u00f6rsta \u00e5ren avseende utveckling och framg\u00e5ngar.<\/p>\n<p>I Stadshuset och T\u00e4ljehallen kommer och har olika utst\u00e4llningar att informerat om klubbens framg\u00e5ngsrika historia och arrangemangen vid hemmamatcherna ska pr\u00e4glas av de m\u00e5nga viktiga insatser och profiler som format SBBK till en av landets st\u00f6rsta och mest segerrika idrottsf\u00f6reningar.<\/p>\n<p>Dessutom har ett intensivt arbete p\u00e5g\u00e5tt f\u00f6r att ta fram en jubileumsbok, \u201dSBBK 50 \u00c5r\u201d, som p\u00e5 ett b\u00e5de informativt och underh\u00e5llande s\u00e4tt ska lyfta fram n\u00e5gra av de viktigaste milstolparna i klubbens historia. Den kan man k\u00f6pa h\u00e4r:<\/p>\n<p><a href=\"http:\/\/www.sbbk.se\/page\/sbbks-jubileumsbok-50-ar\/?\">K\u00f6p boken h\u00e4r<\/a><\/p>\n<p>Det finns \u00e4ven en chans att bli medlem i 1968-klubben h\u00e4r:<\/p>\n<p><a href=\"http:\/\/www.sbbk.se\/page\/1968-klubben\/?\">Bli medlem i 1968-klubben h\u00e4r<\/a><\/p>\n<p>Naturligtvis har vi ocks\u00e5 haft en hejdundrande 50-\u00e5rsfest, som \u00e4gt rum i T\u00e4ljehallen den 1 september 2018.<\/p>\n<p><em>SBBK:s historia str\u00e4cker sig egentligen l\u00e4ngre \u00e4n 1968 d\u00e5 SBBK bildades. Sk\u00e4let \u00e4r att basketen i S\u00f6dert\u00e4lje spelades i organiserad form redan fr\u00e5n v\u00e5ren 1963 under f\u00f6reningen KFUM S\u00f6dert\u00e4lje. KFUM S\u00f6dert\u00e4ljes idrottsverksamhet lades ned sommaren 1968. Det var d\u00e5 SBBK bildades. Det \u00e4r allts\u00e5 samma personer som startade basketen i KFUM som senare bildade SBBK och d\u00e4rf\u00f6r r\u00e4knas klubbens statistik, historia m.m. redan fr\u00e5n v\u00e5ren 1963 d\u00e5 den organiserade basketen i S\u00f6dert\u00e4lje spelade sin f\u00f6rsta match.<\/em><\/p>\n<p>SBBK:s \u00e4r som du kan se en v\u00e4ldigt stor och framg\u00e5ngsrik f\u00f6rening och f\u00f6r dig som bes\u00f6kare hoppas vi att du kan htta n\u00e5got som intresserar dig \u2013 det finns artiklar, presentationer, statistik, listor, bilder, filmer, m.m..<\/p>\n<p><a href=\"https:\/\/sbbkhistoria.se\/wp-content\/uploads\/2018\/05\/SBBK-Jubileumsinfo-Stadshuset-180528.pdf\">SBBK Jubileumsinfo Stadshuset 180528<\/a><\/p>\n<p>&nbsp;<\/p>\n<\/div>","protected":false},"excerpt":{"rendered":"<p>\u201dSBBK fyller 50\u201d! Under 2018 firar SBBK sina f\u00f6rsta 50 \u00e5r (n\u00e4rmare best\u00e4mt den 17\/7 d\u00e5 SBBK fyller 50 \u00e5r) och det kommer att m\u00e4rkas p\u00e5 m\u00e5nga olika s\u00e4tt. Vi tyckte bland annat att det skulle passa bra att i sammanhanget genom hemsidedelen \u201dSBBK historia\u201d summera upp de 50 f\u00f6rsta \u00e5ren avseende utveckling och framg\u00e5ngar. [&hellip;]<\/p>\n","protected":false},"author":1,"featured_media":746,"parent":0,"menu_order":0,"comment_status":"closed","ping_status":"closed","template":"","meta":[],"_links":{"self":[{"href":"https:\/\/sbbkhistoria.se\/index.php?rest_route=\/wp\/v2\/pages\/16"}],"collection":[{"href":"https:\/\/sbbkhistoria.se\/index.php?rest_route=\/wp\/v2\/pages"}],"about":[{"href":"https:\/\/sbbkhistoria.se\/index.php?rest_route=\/wp\/v2\/types\/page"}],"author":[{"embeddable":true,"href":"https:\/\/sbbkhistoria.se\/index.php?rest_route=\/wp\/v2\/users\/1"}],"replies":[{"embeddable":true,"href":"https:\/\/sbbkhistoria.se\/index.php?rest_route=%2Fwp%2Fv2%2Fcomments&post=16"}],"version-history":[{"count":22,"href":"https:\/\/sbbkhistoria.se\/index.php?rest_route=\/wp\/v2\/pages\/16\/revisions"}],"predecessor-version":[{"id":21982,"href":"https:\/\/sbbkhistoria.se\/index.php?rest_route=\/wp\/v2\/pages\/16\/revisions\/21982"}],"wp:featuredmedia":[{"embeddable":true,"href":"https:\/\/sbbkhistoria.se\/index.php?rest_route=\/wp\/v2\/media\/746"}],"wp:attachment":[{"href":"https:\/\/sbbkhistoria.se\/index.php?rest_route=%2Fwp%2Fv2%2Fmedia&parent=16"}],"curies":[{"name":"wp","href":"https:\/\/api.w.org\/{rel}","templated":true}]}}